{"id":12,"date":"2019-10-28T16:46:24","date_gmt":"2019-10-28T16:46:24","guid":{"rendered":"http:\/\/cafe-jassin.de\/?page_id=12"},"modified":"2026-04-14T07:11:22","modified_gmt":"2026-04-14T07:11:22","slug":"12-2","status":"publish","type":"page","link":"http:\/\/cafe-jassin.de\/","title":{"rendered":"HOME"},"content":{"rendered":"<div id='fullscreen_slider_1' class='avia-fullscreen-slider main_color   container_wrap fullsize'   ><div  data-size='no scaling'  data-lightbox_size='large'  data-animation='slide'  data-ids='18'  data-video_counter='0'  data-autoplay='true'  data-bg_slider='true'  data-slide_height='100'  data-handle='av_fullscreen'  data-interval='5'  data-class=' '  data-css_id='fullscreen_slider_1'  data-scroll_down=''  data-control_layout='av-control-default'  data-custom_markup=''  data-perma_caption=''  data-autoplay_stopper=''  data-image_attachment=''  data-min_height='0px'  data-stretch=''  class='avia-slideshow avia-slideshow-1  av-control-default av-default-height-applied avia-slideshow-no scaling av_fullscreen   avia-slide-slider '  itemprop=\"ImageObject\" itemscope=\"itemscope\" itemtype=\"https:\/\/schema.org\/ImageObject\" ><ul class='avia-slideshow-inner' style='padding-bottom: 66.69921875%;'><li style='background-position:center center;' data-img-url='http:\/\/cafe-jassin.de\/wp-content\/uploads\/2019\/10\/Wood-table-top-on-blur-bokeh-shopping-mall-background-can-be-used-for-display-or-montage-your-products-655616802_1258x838-1024x683.jpeg' class=' av-single-slide slide-1 ' ><div data-rel='slideshow-1' class='avia-slide-wrap'  ><div class = \"caption_fullwidth av-slideshow-caption caption_center caption_center_framed caption_framed\"><div class = \"container caption_container\"><div class = \"slideshow_caption\"><div class = \"slideshow_inner_caption\"><div class = \"slideshow_align_caption\"><h2  style='font-size:60px; ' class='avia-caption-title '  itemprop=\"name\" >CAFE JASSIN<\/h2><div class='avia-caption-content  av_inherit_color'  itemprop=\"description\"   style='font-size:16px; '><p>Im Caf\u00e9 Jassin hei\u00dfen wir Sie herzlich willkommen.<br \/>\nFreuen Sie sich auf unsere vielf\u00e4ltigen Fr\u00fchst\u00fccksangebote und einen t\u00e4glich wechselnden, preiswerten Mittagstisch \u2013 sorgf\u00e4ltig zusammengestellt und mit Liebe serviert.<\/p>\n<\/div><a href='http:\/\/cafe-jassin.de\/wp-content\/uploads\/2026\/04\/JassinKW1626.pdf'  target=\"_blank\"  class='avia-slideshow-button avia-button avia-color-light avia-multi-slideshow-button' data-duration='800' data-easing='easeInOutQuad'>SPEISEPLAN 13.04.2026 - 19.04.2026<\/a><a href='http:\/\/cafe-jassin.de\/wp-content\/uploads\/2026\/04\/JassinKW1726.pdf'  target=\"_blank\"  class='avia-slideshow-button avia-button avia-color-light avia-multi-slideshow-button avia-slideshow-button-2' data-duration='800' data-easing='easeInOutQuad'>SPEISEPLAN 20.04.2026 - 26.04.2026<\/a><\/div><\/div><\/div><\/div><\/div><\/div><\/li><\/ul><\/div><\/div>\n[av_one_full first min_height='' vertical_alignment='' space='' custom_margin='' margin='0px' link='' linktarget='' link_hover='' padding='0px' border='' border_color='' radius='0px' background='bg_color' background_color='' background_gradient_color1='' background_gradient_color2='' background_gradient_direction='vertical' src='' background_position='top left' background_repeat='no-repeat' animation='' mobile_breaking='' mobile_display='' av_uid='av-3z269']\r\n[av_image src='http:\/\/cafe-jassin.de\/wp-content\/uploads\/2025\/03\/2025_Speisekarte_Seite-23-Kopie-web-1030x728.jpg' attachment='905' attachment_size='large' align='center' styling='' hover='' link='' target='' caption='' font_size='' appearance='' overlay_opacity='0.4' overlay_color='#000000' overlay_text_color='#ffffff' copyright='' animation='no-animation' av_uid='av-k2p3qmyh' admin_preview_bg=''][\/av_image]\r\n[\/av_one_full]\r\n\r\n[av_one_full first min_height='' vertical_alignment='' space='' custom_margin='' margin='0px' link='' linktarget='' link_hover='' padding='0px' border='' border_color='' radius='0px' background='bg_color' background_color='' background_gradient_color1='' background_gradient_color2='' background_gradient_direction='vertical' src='' background_position='top left' background_repeat='no-repeat' animation='' mobile_breaking='' mobile_display='' av_uid='av-3a9yt']\r\n\r\n[av_image src='http:\/\/cafe-jassin.de\/wp-content\/uploads\/2025\/03\/2025_Speisekarte_Seite-45-Kopie-web-1030x728.jpg' attachment='906' attachment_size='large' align='center' styling='' hover='' link='' target='' caption='' font_size='' appearance='' overlay_opacity='0.4' overlay_color='#000000' overlay_text_color='#ffffff' copyright='' animation='no-animation' av_uid='av-k2p3qmyh' admin_preview_bg=''][\/av_image]\r\n\r\n[\/av_one_full][av_one_full first min_height='' vertical_alignment='' space='' custom_margin='' margin='0px' link='' linktarget='' link_hover='' padding='0px' border='' border_color='' radius='0px' background='bg_color' background_color='' background_gradient_color1='' background_gradient_color2='' background_gradient_direction='vertical' src='' background_position='top left' background_repeat='no-repeat' animation='' mobile_breaking='' mobile_display='' av_uid='av-2pzhl']\r\n\r\n[av_image src='http:\/\/cafe-jassin.de\/wp-content\/uploads\/2025\/03\/2025_Speisekarte_Seite-67-Kopie-web-1030x728.jpg' attachment='907' attachment_size='large' align='center' styling='' hover='' link='' target='' caption='' font_size='' appearance='' overlay_opacity='0.4' overlay_color='#000000' overlay_text_color='#ffffff' copyright='' animation='no-animation' av_uid='av-k2p3qmyh' admin_preview_bg=''][\/av_image]\r\n\r\n[\/av_one_full]\n[av_one_half first min_height='' vertical_alignment='' space='' custom_margin='' margin='0px' link='' linktarget='' link_hover='' padding='0px' border='' border_color='' radius='0px' background='bg_color' background_color='' background_gradient_color1='' background_gradient_color2='' background_gradient_direction='vertical' src='' background_position='top left' background_repeat='no-repeat' animation='' mobile_breaking='' mobile_display='' av_uid='av-3s7od']\r\n[av_contact email='reservierung@cafe-jassin.de' title='Reservierung | Familienfeier | Beerdigung | Events' button='Senden' on_send='' sent='Deine Nachricht wurde versendet!' link='manually,http:\/\/' subject='' autorespond='' captcha='' form_align='' color='' av_uid='av-k2p2zmr8' admin_preview_bg='']\r\n[av_contact_field label='Name' type='text' check='is_empty' options='' multi_select='' av_contact_preselect='' width='' av_uid='av-3gu15'][\/av_contact_field]\r\n[av_contact_field label='E-Mail' type='text' check='is_email' options='' multi_select='' av_contact_preselect='' width='' av_uid='av-2w1hx'][\/av_contact_field]\r\n[av_contact_field label='Betreff' type='text' check='is_empty' options='' multi_select='' av_contact_preselect='' width='' av_uid='av-1wqfl'][\/av_contact_field]\r\n[av_contact_field label='Nachricht' type='textarea' check='is_empty' options='' multi_select='' av_contact_preselect='' width='' av_uid='av-1osxt'][\/av_contact_field]\r\n[\/av_contact]\r\n\r\n[av_textblock size='' font_color='' color='' av-medium-font-size='' av-small-font-size='' av-mini-font-size='' av_uid='av-k2p32esz' admin_preview_bg='']\r\n<strong>Caf\u00e9haus Jassin<\/strong>\r\n\r\nSchulstra\u00dfe 70\r\n\r\n65474 Bischofsheim\r\n\r\n<span class=\"w8qArf\">Telefon: <\/span><span class=\"LrzXr zdqRlf kno-fv\">06144 337137<\/span>\r\n[\/av_textblock]\r\n[\/av_one_half]\r\n\r\n[av_one_half min_height='' vertical_alignment='' space='' custom_margin='' margin='0px' link='' linktarget='' link_hover='' padding='0px' border='' border_color='' radius='0px' background='bg_color' background_color='' background_gradient_color1='' background_gradient_color2='' background_gradient_direction='vertical' src='' background_position='top left' background_repeat='no-repeat' animation='' mobile_breaking='' mobile_display='' av_uid='av-sjo9']\r\n\r\n[av_textblock size='' font_color='' color='' av-medium-font-size='' av-small-font-size='' av-mini-font-size='' av_uid='av-k2p32yoa' admin_preview_bg='']\r\n<h2><strong><span class=\"w8qArf\">\u00d6ffnungszeiten: <\/span><\/strong><\/h2>\r\n<div class=\"ZdM7x r-isblre9y_hIA t-oh\">\r\n<div class=\"vk_bk h-n\" tabindex=\"0\" data-ved=\"0ahUKEwjF8vfR5djlAhUQKVAKHWM3BysQoT4I1gEwEw\"><\/div>\r\n<div class=\"vk_bk a-h\" tabindex=\"0\" role=\"button\" data-ved=\"0ahUKEwjF8vfR5djlAhUQKVAKHWM3BysQ5nEI1wEwEw\">\r\n<table class=\"WgFkxc\">\r\n<tbody>\r\n<tr class=\"K7Ltle\">\r\n<td class=\"SKNSIb\">Donnerstag<\/td>\r\n<td>09:00\u201318:00<\/td>\r\n<\/tr>\r\n<tr>\r\n<td class=\"SKNSIb\">Freitag<\/td>\r\n<td>09:00\u201318:00<\/td>\r\n<\/tr>\r\n<tr>\r\n<td class=\"SKNSIb\">Samstag<\/td>\r\n<td>Geschlossen<\/td>\r\n<\/tr>\r\n<tr>\r\n<td class=\"SKNSIb\">Sonntag<\/td>\r\n<td>09:00\u201318:00<\/td>\r\n<\/tr>\r\n<tr>\r\n<td class=\"SKNSIb\">Montag<\/td>\r\n<td>Geschlossen<\/td>\r\n<\/tr>\r\n<tr>\r\n<td class=\"SKNSIb\">Dienstag<\/td>\r\n<td>09:00\u201318:00<\/td>\r\n<\/tr>\r\n<tr>\r\n<td class=\"SKNSIb\">Mittwoch<\/td>\r\n<td>09:00\u201318:00<\/td>\r\n<\/tr>\r\n<\/tbody>\r\n<\/table>\r\n<div class=\"nRfCwb r-iEcs3egqdVIc\">\r\n<div class=\"lwjzfb\" tabindex=\"0\" role=\"button\" data-rtid=\"iEcs3egqdVIc\" data-ved=\"0ahUKEwjF8vfR5djlAhUQKVAKHWM3BysQu9MBCNgBMBM\"><\/div>\r\n<\/div>\r\n<\/div>\r\n<\/div>\r\n[\/av_textblock]\r\n\r\n[\/av_one_half]\n[av_one_full first min_height='' vertical_alignment='' space='' custom_margin='' margin='0px' link='' linktarget='' link_hover='' padding='0px' border='' border_color='' radius='0px' background='bg_color' background_color='' background_gradient_color1='' background_gradient_color2='' background_gradient_direction='vertical' src='' background_position='top left' background_repeat='no-repeat' animation='' mobile_breaking='' mobile_display='' av_uid='av-trmv']\r\n\r\n[av_masonry_gallery ids='41,42,43,45,46,48,49,50,51,52,40,54,55,57' items='14' columns='flexible' paginate='none' size='fixed' orientation='' gap='1px' overlay_fx='active' container_links='active' id='' caption_elements='none' caption_styling='' caption_display='always' color='' custom_bg='' av-medium-columns='' av-small-columns='' av-mini-columns='' av_uid='av-k2dfanum']\r\n\r\n[\/av_one_full]\n<div id='avia-messagebox-' class='avia_message_box  avia-color-silver avia-size-normal avia-icon_select-no avia-border- '><div class='avia_message_box_content' ><\/div><\/div>\n<div class=\"flex_column av_one_full  flex_column_div av-zero-column-padding first  \" style='border-radius:0px; '><\/div>\n<div class=\"flex_column av_one_half  flex_column_div av-zero-column-padding first  \" style='border-radius:0px; '><\/div>\n","protected":false},"excerpt":{"rendered":"","protected":false},"author":1,"featured_media":0,"parent":0,"menu_order":0,"comment_status":"closed","ping_status":"closed","template":"","meta":{"footnotes":""},"class_list":["post-12","page","type-page","status-publish","hentry"],"_links":{"self":[{"href":"http:\/\/cafe-jassin.de\/index.php?rest_route=\/wp\/v2\/pages\/12","targetHints":{"allow":["GET"]}}],"collection":[{"href":"http:\/\/cafe-jassin.de\/index.php?rest_route=\/wp\/v2\/pages"}],"about":[{"href":"http:\/\/cafe-jassin.de\/index.php?rest_route=\/wp\/v2\/types\/page"}],"author":[{"embeddable":true,"href":"http:\/\/cafe-jassin.de\/index.php?rest_route=\/wp\/v2\/users\/1"}],"replies":[{"embeddable":true,"href":"http:\/\/cafe-jassin.de\/index.php?rest_route=%2Fwp%2Fv2%2Fcomments&post=12"}],"version-history":[{"count":412,"href":"http:\/\/cafe-jassin.de\/index.php?rest_route=\/wp\/v2\/pages\/12\/revisions"}],"predecessor-version":[{"id":1150,"href":"http:\/\/cafe-jassin.de\/index.php?rest_route=\/wp\/v2\/pages\/12\/revisions\/1150"}],"wp:attachment":[{"href":"http:\/\/cafe-jassin.de\/index.php?rest_route=%2Fwp%2Fv2%2Fmedia&parent=12"}],"curies":[{"name":"wp","href":"https:\/\/api.w.org\/{rel}","templated":true}]}}